{"id":79,"date":"2025-01-05T15:43:19","date_gmt":"2025-01-05T15:43:19","guid":{"rendered":"https:\/\/repolusk.eu\/?page_id=79"},"modified":"2026-04-14T09:06:05","modified_gmt":"2026-04-14T07:06:05","slug":"konferenzbeitrage","status":"publish","type":"page","link":"https:\/\/repolusk.eu\/en\/konferenzbeitrage\/","title":{"rendered":"Talks"},"content":{"rendered":"\n<p>2026<\/p>\n\n\n\n<ul class=\"wp-block-list\">\n<li>T. Repolusk. <a href=\"https:\/\/pretalx.linuxtage.at\/glt26\/talk\/PNXDPV\/\">&#8222;Hands-On Gameboy-Entwicklung&#8220;<\/a> [Workshop]. Grazer Linuxtage 2026. Graz, \u00d6sterreich, 10.04.2026.<\/li>\n<\/ul>\n\n\n\n<p>2025<\/p>\n\n\n\n<ul class=\"wp-block-list\">\n<li>T. Repolusk. <a href=\"https:\/\/static.uni-graz.at\/fileadmin\/gewi-zentren\/Informationsmodellierung\/PDF\/Breakfast_lectures_2025_10_29_Repolusk.pdf\">&#8222;KuiSCIMA: How to Create and Use a Digital Symbolic Dataset of Medieval Chinese Music&#8220;<\/a>. DH for Breakfast: Wednesday Lectures in Digital Humanities. Graz, \u00d6sterreich, 29.10.2025.<\/li>\n\n\n\n<li>T. Repolusk and S. Thonhauser. &#8222;Rekonstruktion und Regelwerk: Computergest\u00fctzte, stilgebundene Komposition in der chinesischen Ci-Tradition der Song-Dynastie&#8220;. <a href=\"https:\/\/www.gmth.de\/\">25. Jahreskongress der Gesellschaft f\u00fcr Musiktheorie (GMTH)<\/a>. L\u00fcbeck, Deutschland, 17.-19.10.2025.<\/li>\n\n\n\n<li>T. Repolusk. <a href=\"https:\/\/kwf.at\/bau-eines-chatbots-und-erkennung-chinesischer-musiknoten-mit-ki\/\">&#8222;Faltungen und Neuronale Netze (CNNs)&#8220;<\/a> [Workshop]. Innovations.TALENT des K\u00e4rntner Wirtschaftsf\u00f6rderungs Fonds (KWF). St. Georgen am L\u00e4ngssee, \u00d6sterreich, 12.03.2025.<\/li>\n<\/ul>\n\n\n\n<p>2024<\/p>\n\n\n\n<ul class=\"wp-block-list\">\n<li>T. Repolusk and E. Veas. &#8222;An AI-Powered Assistant for Facilitated Manual Digitization of Ancient Chinese Suzipu Notation&#8220;.  <a href=\"https:\/\/www.uio.no\/ritmo\/english\/projects\/djembedance\/events\/somos-2024\/programme\/\">Third Symposium of the ICTMD study group on Sound, Movement, and the Sciences (SoMoS)<\/a>. Oslo, Norwegen, 18.-20.09.2024.<\/li>\n\n\n\n<li>T. Repolusk, Y.-J. Cheng and E. Veas. &#8222;Let&#8217;s Create a Dataset! The Chinese Musical Notation Annotation Tool in Action&#8220; [Demo Session]. <a href=\"https:\/\/das2024.seecs.edu.pk\/\">16th IAPR International Workshop on Document Analysis Systems, Athens (DAS)<\/a>. Athen, Griechenland, 30.-31.08.2024.<\/li>\n\n\n\n<li>T. Repolusk and E. Veas. &#8222;An AI-Powered Assistant for Facilitated Manual Digitization of Ancient Chinese Suzipu Notation&#8220;. <a href=\"https:\/\/conferences.iftawm.org\/conferences\/\">Eighth International Conference on Analytical Approaches to World Musics (AAWM)<\/a>. Bologna, Italien, 10.-14.06.2024.<\/li>\n<\/ul>\n\n\n\n<p><\/p>\n","protected":false},"excerpt":{"rendered":"<p>2026 2025 2024<\/p>","protected":false},"author":1,"featured_media":0,"parent":0,"menu_order":0,"comment_status":"closed","ping_status":"closed","template":"","meta":{"footnotes":""},"class_list":["post-79","page","type-page","status-publish","hentry"],"_links":{"self":[{"href":"https:\/\/repolusk.eu\/en\/wp-json\/wp\/v2\/pages\/79","targetHints":{"allow":["GET"]}}],"collection":[{"href":"https:\/\/repolusk.eu\/en\/wp-json\/wp\/v2\/pages"}],"about":[{"href":"https:\/\/repolusk.eu\/en\/wp-json\/wp\/v2\/types\/page"}],"author":[{"embeddable":true,"href":"https:\/\/repolusk.eu\/en\/wp-json\/wp\/v2\/users\/1"}],"replies":[{"embeddable":true,"href":"https:\/\/repolusk.eu\/en\/wp-json\/wp\/v2\/comments?post=79"}],"version-history":[{"count":8,"href":"https:\/\/repolusk.eu\/en\/wp-json\/wp\/v2\/pages\/79\/revisions"}],"predecessor-version":[{"id":173,"href":"https:\/\/repolusk.eu\/en\/wp-json\/wp\/v2\/pages\/79\/revisions\/173"}],"wp:attachment":[{"href":"https:\/\/repolusk.eu\/en\/wp-json\/wp\/v2\/media?parent=79"}],"curies":[{"name":"wp","href":"https:\/\/api.w.org\/{rel}","templated":true}]}}